{"id":957,"date":"2023-06-27T23:51:48","date_gmt":"2023-06-27T21:51:48","guid":{"rendered":"https:\/\/flaviopixel.com\/?page_id=957"},"modified":"2024-12-19T10:35:09","modified_gmt":"2024-12-19T15:35:09","slug":"a-propos","status":"publish","type":"page","link":"https:\/\/flaviopixel.com\/?page_id=957","title":{"rendered":"Contact"},"content":{"rendered":"\t\t<div data-elementor-type=\"wp-page\" data-elementor-id=\"957\" class=\"elementor elementor-957\">\n\t\t\t\t\t\t<section class=\"elementor-section elementor-top-section elementor-element elementor-element-843248a elementor-section-boxed elementor-section-height-default elementor-section-height-default wpr-particle-no wpr-jarallax-no wpr-parallax-no wpr-sticky-section-no wpr-equal-height-no\" data-id=\"843248a\" data-element_type=\"section\" data-e-type=\"section\">\n\t\t\t\t\t\t<div class=\"elementor-container elementor-column-gap-default\">\n\t\t\t\t\t<div class=\"elementor-column elementor-col-100 elementor-top-column elementor-element elementor-element-895cbb8\" data-id=\"895cbb8\" data-element_type=\"column\" data-e-type=\"column\">\n\t\t\t<div class=\"elementor-widget-wrap elementor-element-populated\">\n\t\t\t\t\t\t<div class=\"elementor-element elementor-element-3a92e88 elementor-widget elementor-widget-spacer\" data-id=\"3a92e88\" data-element_type=\"widget\" data-e-type=\"widget\" data-widget_type=\"spacer.default\">\n\t\t\t\t<div class=\"elementor-widget-container\">\n\t\t\t\t\t\t\t<div class=\"elementor-spacer\">\n\t\t\t<div class=\"elementor-spacer-inner\"><\/div>\n\t\t<\/div>\n\t\t\t\t\t\t<\/div>\n\t\t\t\t<\/div>\n\t\t\t\t\t<\/div>\n\t\t<\/div>\n\t\t\t\t\t<\/div>\n\t\t<\/section>\n\t\t\t\t<section class=\"elementor-section elementor-top-section elementor-element elementor-element-b599b3c elementor-section-boxed elementor-section-height-default elementor-section-height-default wpr-particle-no wpr-jarallax-no wpr-parallax-no wpr-sticky-section-no wpr-equal-height-no\" data-id=\"b599b3c\" data-element_type=\"section\" data-e-type=\"section\" data-settings=\"{&quot;background_background&quot;:&quot;gradient&quot;}\">\n\t\t\t\t\t\t<div class=\"elementor-container elementor-column-gap-default\">\n\t\t\t\t\t<div class=\"elementor-column elementor-col-50 elementor-top-column elementor-element elementor-element-3168fe7\" data-id=\"3168fe7\" data-element_type=\"column\" data-e-type=\"column\">\n\t\t\t<div class=\"elementor-widget-wrap elementor-element-populated\">\n\t\t\t\t\t\t<div class=\"elementor-element elementor-element-f7c7081 elementor-widget__width-initial animated-slow elementor-invisible elementor-widget elementor-widget-image\" data-id=\"f7c7081\" data-element_type=\"widget\" data-e-type=\"widget\" data-settings=\"{&quot;_animation&quot;:&quot;fadeInDown&quot;}\" data-widget_type=\"image.default\">\n\t\t\t\t<div class=\"elementor-widget-container\">\n\t\t\t\t\t\t\t\t\t\t\t\t\t\t\t<img fetchpriority=\"high\" decoding=\"async\" width=\"300\" height=\"200\" src=\"https:\/\/flaviopixel.com\/wp-content\/uploads\/2023\/09\/Flavien-10-300x200.jpg\" class=\"attachment-medium size-medium wp-image-1377\" alt=\"\" srcset=\"https:\/\/flaviopixel.com\/wp-content\/uploads\/2023\/09\/Flavien-10-300x200.jpg 300w, https:\/\/flaviopixel.com\/wp-content\/uploads\/2023\/09\/Flavien-10-1024x683.jpg 1024w, https:\/\/flaviopixel.com\/wp-content\/uploads\/2023\/09\/Flavien-10-768x512.jpg 768w, https:\/\/flaviopixel.com\/wp-content\/uploads\/2023\/09\/Flavien-10-1536x1024.jpg 1536w, https:\/\/flaviopixel.com\/wp-content\/uploads\/2023\/09\/Flavien-10-2048x1365.jpg 2048w\" sizes=\"(max-width: 300px) 100vw, 300px\" \/>\t\t\t\t\t\t\t\t\t\t\t\t\t\t\t<\/div>\n\t\t\t\t<\/div>\n\t\t\t\t\t<\/div>\n\t\t<\/div>\n\t\t\t\t<div class=\"elementor-column elementor-col-50 elementor-top-column elementor-element elementor-element-5c89220\" data-id=\"5c89220\" data-element_type=\"column\" data-e-type=\"column\">\n\t\t\t<div class=\"elementor-widget-wrap elementor-element-populated\">\n\t\t\t\t\t\t<div class=\"elementor-element elementor-element-f131672 elementor-widget__width-initial animated-slow elementor-invisible elementor-widget elementor-widget-text-editor\" data-id=\"f131672\" data-element_type=\"widget\" data-e-type=\"widget\" data-settings=\"{&quot;_animation&quot;:&quot;fadeInDown&quot;}\" data-widget_type=\"text-editor.default\">\n\t\t\t\t<div class=\"elementor-widget-container\">\n\t\t\t\t\t\t\t\t\t<p><span style=\"color: #000000;\">Salut, je m&rsquo;appelle Flavien !<\/span><br \/><span style=\"color: #000000;\">Je suis un photographe et cin\u00e9phile passionn\u00e9, bas\u00e9 \u00e0 New York. Inspir\u00e9 par les \u00e9motions, les rencontres et les r\u00e9cits de la vie, je me consacre \u00e0 capturer des instants qui racontent une histoire. Mon parcours artistique s&rsquo;appuie sur ma fascination pour le cin\u00e9ma, un art qui nourrit ma vision photographique et m&rsquo;encourage \u00e0 transformer chaque clich\u00e9 en une sc\u00e8ne m\u00e9morable.<\/span><br \/><br \/><span style=\"color: #000000;\">Pour moi, la photographie est une extension naturelle du cin\u00e9ma : une mani\u00e8re de fixer des r\u00e9cits, des \u00e9motions et des atmosph\u00e8res en une seule image. Mon travail vise \u00e0 cr\u00e9er des compositions visuelles qui intriguent, transportent et \u00e9veillent l\u2019imaginaire.<\/span><br \/><br \/><span style=\"color: #000000;\">Chaque image est une porte ouverte sur une histoire. Et si nous \u00e9crivions la prochaine ensemble ?<\/span><\/p>\t\t\t\t\t\t\t\t<\/div>\n\t\t\t\t<\/div>\n\t\t\t\t\t<\/div>\n\t\t<\/div>\n\t\t\t\t\t<\/div>\n\t\t<\/section>\n\t\t\t\t<section class=\"elementor-section elementor-top-section elementor-element elementor-element-beab8c4 elementor-section-boxed elementor-section-height-default elementor-section-height-default wpr-particle-no wpr-jarallax-no wpr-parallax-no wpr-sticky-section-no wpr-equal-height-no\" data-id=\"beab8c4\" data-element_type=\"section\" data-e-type=\"section\">\n\t\t\t\t\t\t<div class=\"elementor-container elementor-column-gap-default\">\n\t\t\t\t\t<div class=\"elementor-column elementor-col-100 elementor-top-column elementor-element elementor-element-c8ac159\" data-id=\"c8ac159\" data-element_type=\"column\" data-e-type=\"column\">\n\t\t\t<div class=\"elementor-widget-wrap elementor-element-populated\">\n\t\t\t\t\t\t<div class=\"elementor-element elementor-element-3f2f564 animated-slow elementor-invisible elementor-widget elementor-widget-text-editor\" data-id=\"3f2f564\" data-element_type=\"widget\" data-e-type=\"widget\" data-settings=\"{&quot;_animation&quot;:&quot;fadeInDown&quot;}\" data-widget_type=\"text-editor.default\">\n\t\t\t\t<div class=\"elementor-widget-container\">\n\t\t\t\t\t\t\t\t\t<h1 style=\"text-align: center;\"><span style=\"color: #ffffff;\">Une question ? Une demande ?<\/span><\/h1>\t\t\t\t\t\t\t\t<\/div>\n\t\t\t\t<\/div>\n\t\t\t\t\t<\/div>\n\t\t<\/div>\n\t\t\t\t\t<\/div>\n\t\t<\/section>\n\t\t\t\t<section class=\"elementor-section elementor-top-section elementor-element elementor-element-78871c0 elementor-section-stretched animated-slow elementor-section-boxed elementor-section-height-default elementor-section-height-default wpr-particle-no wpr-jarallax-no wpr-parallax-no wpr-sticky-section-no wpr-equal-height-no elementor-invisible\" data-id=\"78871c0\" data-element_type=\"section\" data-e-type=\"section\" data-settings=\"{&quot;stretch_section&quot;:&quot;section-stretched&quot;,&quot;background_background&quot;:&quot;classic&quot;,&quot;animation&quot;:&quot;fadeInDown&quot;}\">\n\t\t\t\t\t\t<div class=\"elementor-container elementor-column-gap-default\">\n\t\t\t\t\t<div class=\"elementor-column elementor-col-100 elementor-top-column elementor-element elementor-element-13cc107\" data-id=\"13cc107\" data-element_type=\"column\" data-e-type=\"column\">\n\t\t\t<div class=\"elementor-widget-wrap elementor-element-populated\">\n\t\t\t\t\t\t<div class=\"elementor-element elementor-element-02dc217 animated-slow elementor-widget__width-initial elementor-invisible elementor-widget elementor-widget-shortcode\" data-id=\"02dc217\" data-element_type=\"widget\" data-e-type=\"widget\" data-settings=\"{&quot;_animation&quot;:&quot;fadeInDown&quot;}\" data-widget_type=\"shortcode.default\">\n\t\t\t\t<div class=\"elementor-widget-container\">\n\t\t\t\t\t\t\t<div class=\"elementor-shortcode\"><div class=\"everest-forms\"><div class=\"evf-container default\" id=\"evf-1363\"><form id=\"evf-form-1363\" class=\"everest-form\" data-formid=\"1363\" data-ajax_submission=\"0\" data-keyboard_friendly_form=\"0\" data-form_state_type=\"\" method=\"post\" enctype=\"multipart\/form-data\" action=\"\/index.php?rest_route=%2Fwp%2Fv2%2Fpages%2F957\"><div class=\"evf-field-container\"><input type=\"hidden\" id=\"_wpnonce1363\" name=\"_wpnonce1363\" value=\"ffd66aaa06\" \/><input type=\"hidden\" name=\"_wp_http_referer\" value=\"\/index.php?rest_route=%2Fwp%2Fv2%2Fpages%2F957\" \/><div class=\"evf-frontend-row\" data-row=\"row_1\" conditional_rules=\"[]\"><div class=\"evf-frontend-grid evf-grid-1\" data-grid=\"grid_1\"><div id=\"evf-1363-field_lVizlNhYus-1-container\" class=\"evf-field evf-field-text form-row validate-required\" data-required-field-message=\"Ce champ est n\u00e9cessaire.\" data-field-id=\"lVizlNhYus-1\"><label class=\"evf-field-label\" for=\"evf-1363-field_lVizlNhYus-1\"><span class=\"evf-label\">Nom<\/span> <abbr class=\"required\" title=\"Required\">*<\/abbr><\/label><input type=\"text\" id=\"evf-1363-field_lVizlNhYus-1\" class=\"input-text\" name=\"everest_forms[form_fields][lVizlNhYus-1]\" required><\/div><div id=\"evf-1363-field_XYnMdkQDKM-3-container\" class=\"evf-field evf-field-email form-row validate-required validate-email\" data-required-field-message=\"Veuillez entrer une adresse e-mail valide.\" data-field-id=\"XYnMdkQDKM-3\"><label class=\"evf-field-label\" for=\"evf-1363-field_XYnMdkQDKM-3\"><span class=\"evf-label\">Email<\/span> <abbr class=\"required\" title=\"Required\">*<\/abbr><\/label><input type=\"email\" id=\"evf-1363-field_XYnMdkQDKM-3\" class=\"input-text\" name=\"everest_forms[form_fields][XYnMdkQDKM-3]\" required ><\/div><div id=\"evf-1363-field_xJivsqAS2c-2-container\" class=\"evf-field evf-field-text form-row validate-required\" data-required-field-message=\"Ce champ est n\u00e9cessaire.\" data-field-id=\"xJivsqAS2c-2\"><label class=\"evf-field-label\" for=\"evf-1363-field_xJivsqAS2c-2\"><span class=\"evf-label\">Sujet<\/span> <abbr class=\"required\" title=\"Required\">*<\/abbr><\/label><input type=\"text\" id=\"evf-1363-field_xJivsqAS2c-2\" class=\"input-text\" name=\"everest_forms[form_fields][xJivsqAS2c-2]\" required><\/div><div id=\"evf-1363-field_sOAJfxP1Lf-7-container\" class=\"evf-field evf-field-checkbox form-row\" data-field-id=\"sOAJfxP1Lf-7\"><label class=\"evf-field-label\" for=\"evf-1363-field_sOAJfxP1Lf-7\"><span class=\"evf-label\">Comment avez-vous connu ce site ?<\/span> <\/label><ul id=\"evf-1363-field_sOAJfxP1Lf-7\"><li class=\"choice-1 depth-1\"><input type=\"checkbox\" id=\"evf-1363-field_sOAJfxP1Lf-7_1\" class=\"input-text\" name=\"everest_forms[form_fields][sOAJfxP1Lf-7][]\" value=\"Par internet\"  ><label class=\"everest-forms-field-label-inline\" for=\"evf-1363-field_sOAJfxP1Lf-7_1\">Par internet<\/label><\/li><li class=\"choice-2 depth-1\"><input type=\"checkbox\" id=\"evf-1363-field_sOAJfxP1Lf-7_2\" class=\"input-text\" name=\"everest_forms[form_fields][sOAJfxP1Lf-7][]\" value=\"Par pub (Affiche, carte)\"  ><label class=\"everest-forms-field-label-inline\" for=\"evf-1363-field_sOAJfxP1Lf-7_2\">Par pub (Affiche, carte)<\/label><\/li><li class=\"choice-3 depth-1\"><input type=\"checkbox\" id=\"evf-1363-field_sOAJfxP1Lf-7_3\" class=\"input-text\" name=\"everest_forms[form_fields][sOAJfxP1Lf-7][]\" value=\"Par bouche \u00e0 oreille\"  ><label class=\"everest-forms-field-label-inline\" for=\"evf-1363-field_sOAJfxP1Lf-7_3\">Par bouche \u00e0 oreille<\/label><\/li><li class=\"choice-4 depth-1\"><input type=\"checkbox\" id=\"evf-1363-field_sOAJfxP1Lf-7_4\" class=\"input-text\" name=\"everest_forms[form_fields][sOAJfxP1Lf-7][]\" value=\"Par hasard\"  ><label class=\"everest-forms-field-label-inline\" for=\"evf-1363-field_sOAJfxP1Lf-7_4\">Par hasard<\/label><\/li><\/ul><\/div><div id=\"evf-1363-field_YalaPcQ0DO-4-container\" class=\"evf-field evf-field-textarea form-row\" data-field-id=\"YalaPcQ0DO-4\"><label class=\"evf-field-label\" for=\"evf-1363-field_YalaPcQ0DO-4\"><span class=\"evf-label\">Message<\/span> <\/label><textarea id=\"evf-1363-field_YalaPcQ0DO-4\" class=\"input-text\" name=\"everest_forms[form_fields][YalaPcQ0DO-4]\" placeholder=\"Tell us more about your issue.\"  ><\/textarea><\/div><\/div><\/div><\/div><div class=\"evf-honeypot-container evf-field-hp\"><label for=\"evf-1363-field-hp\" class=\"evf-field-label\">Name<\/label><input type=\"text\" name=\"everest_forms[hp]\" id=\"evf-1363-field-hp\" class=\"input-text\"><\/div><div class=\"evf-submit-container \" ><input type=\"hidden\" name=\"everest_forms[id]\" value=\"1363\"><input type=\"hidden\" name=\"everest_forms[author]\" value=\"1\"><button type='submit' name='everest_forms[submit]' class='everest-forms-submit-button button evf-submit ' id='evf-submit-1363' value='evf-submit' data-process-text=\"Processing\u2026\" conditional_rules='&quot;&quot;' conditional_id='evf-submit-1363'  id=\"evf-submit-1363\" aria-live=\"assertive\">Envoie<\/button><\/div><\/form><\/div><!-- .evf-container --><\/div><\/div>\n\t\t\t\t\t\t<\/div>\n\t\t\t\t<\/div>\n\t\t\t\t\t<\/div>\n\t\t<\/div>\n\t\t\t\t\t<\/div>\n\t\t<\/section>\n\t\t\t\t<section class=\"elementor-section elementor-top-section elementor-element elementor-element-dbe01fa elementor-section-boxed elementor-section-height-default elementor-section-height-default wpr-particle-no wpr-jarallax-no wpr-parallax-no wpr-sticky-section-no wpr-equal-height-no\" data-id=\"dbe01fa\" data-element_type=\"section\" data-e-type=\"section\">\n\t\t\t\t\t\t<div class=\"elementor-container elementor-column-gap-default\">\n\t\t\t\t\t<div class=\"elementor-column elementor-col-100 elementor-top-column elementor-element elementor-element-36d6c80\" data-id=\"36d6c80\" data-element_type=\"column\" data-e-type=\"column\">\n\t\t\t<div class=\"elementor-widget-wrap elementor-element-populated\">\n\t\t\t\t\t\t<div class=\"elementor-element elementor-element-fbff7ae elementor-button-info elementor-align-center animated-slow elementor-invisible elementor-widget elementor-widget-button\" data-id=\"fbff7ae\" data-element_type=\"widget\" data-e-type=\"widget\" data-settings=\"{&quot;_animation&quot;:&quot;fadeInDown&quot;}\" data-widget_type=\"button.default\">\n\t\t\t\t<div class=\"elementor-widget-container\">\n\t\t\t\t\t\t\t\t\t<div class=\"elementor-button-wrapper\">\n\t\t\t\t\t<a class=\"elementor-button elementor-button-link elementor-size-sm\" href=\"https:\/\/flaviopixel.com\/politique-de-confidentialite\/\">\n\t\t\t\t\t\t<span class=\"elementor-button-content-wrapper\">\n\t\t\t\t\t\t\t\t\t<span class=\"elementor-button-text\">Politique de confidentialit\u00e9<\/span>\n\t\t\t\t\t<\/span>\n\t\t\t\t\t<\/a>\n\t\t\t\t<\/div>\n\t\t\t\t\t\t\t\t<\/div>\n\t\t\t\t<\/div>\n\t\t\t\t\t<\/div>\n\t\t<\/div>\n\t\t\t\t\t<\/div>\n\t\t<\/section>\n\t\t\t\t<\/div>\n\t\t","protected":false},"excerpt":{"rendered":"<p>Salut, je m&rsquo;appelle Flavien !Je suis un photographe et cin\u00e9phile passionn\u00e9, bas\u00e9 \u00e0 New York. Inspir\u00e9 par les \u00e9motions, les rencontres et les r\u00e9cits de la vie, je me consacre \u00e0 capturer des instants qui racontent une histoire. Mon parcours artistique s&rsquo;appuie sur ma fascination pour le cin\u00e9ma, un art qui nourrit ma vision photographique et m&rsquo;encourage \u00e0 transformer chaque clich\u00e9 en une sc\u00e8ne m\u00e9morable. Pour moi, la photographie est une extension naturelle du cin\u00e9ma : une mani\u00e8re de fixer des r\u00e9cits, des \u00e9motions et des atmosph\u00e8res en une seule image. Mon travail vise \u00e0 cr\u00e9er des compositions visuelles qui intriguent, transportent et \u00e9veillent l\u2019imaginaire. Chaque image est une porte ouverte sur une histoire. Et si nous \u00e9crivions la prochaine ensemble ? Une question ? Une demande ? Politique de confidentialit\u00e9<\/p>\n","protected":false},"author":1,"featured_media":0,"parent":0,"menu_order":0,"comment_status":"closed","ping_status":"closed","template":"","meta":{"site-sidebar-layout":"no-sidebar","site-content-layout":"page-builder","ast-site-content-layout":"full-width-container","site-content-style":"unboxed","site-sidebar-style":"unboxed","ast-global-header-display":"","ast-banner-title-visibility":"","ast-main-header-display":"","ast-hfb-above-header-display":"","ast-hfb-below-header-display":"","ast-hfb-mobile-header-display":"","site-post-title":"disabled","ast-breadcrumbs-content":"","ast-featured-img":"disabled","footer-sml-layout":"","ast-disable-related-posts":"","theme-transparent-header-meta":"","adv-header-id-meta":"","stick-header-meta":"","header-above-stick-meta":"","header-main-stick-meta":"","header-below-stick-meta":"","astra-migrate-meta-layouts":"set","ast-page-background-enabled":"default","ast-page-background-meta":{"desktop":{"background-color":"var(--ast-global-color-4)","background-image":"","background-repeat":"repeat","background-position":"center center","background-size":"auto","background-attachment":"scroll","background-type":"","background-media":"","overlay-type":"","overlay-color":"","overlay-opacity":"","overlay-gradient":""},"tablet":{"background-color":"","background-image":"","background-repeat":"repeat","background-position":"center center","background-size":"auto","background-attachment":"scroll","background-type":"","background-media":"","overlay-type":"","overlay-color":"","overlay-opacity":"","overlay-gradient":""},"mobile":{"background-color":"","background-image":"","background-repeat":"repeat","background-position":"center center","background-size":"auto","background-attachment":"scroll","background-type":"","background-media":"","overlay-type":"","overlay-color":"","overlay-opacity":"","overlay-gradient":""}},"ast-content-background-meta":{"desktop":{"background-color":"var(--ast-global-color-5)","background-image":"","background-repeat":"repeat","background-position":"center center","background-size":"auto","background-attachment":"scroll","background-type":"","background-media":"","overlay-type":"","overlay-color":"","overlay-opacity":"","overlay-gradient":""},"tablet":{"background-color":"var(--ast-global-color-5)","background-image":"","background-repeat":"repeat","background-position":"center center","background-size":"auto","background-attachment":"scroll","background-type":"","background-media":"","overlay-type":"","overlay-color":"","overlay-opacity":"","overlay-gradient":""},"mobile":{"background-color":"var(--ast-global-color-5)","background-image":"","background-repeat":"repeat","background-position":"center center","background-size":"auto","background-attachment":"scroll","background-type":"","background-media":"","overlay-type":"","overlay-color":"","overlay-opacity":"","overlay-gradient":""}},"footnotes":""},"class_list":["post-957","page","type-page","status-publish","hentry"],"_links":{"self":[{"href":"https:\/\/flaviopixel.com\/index.php?rest_route=\/wp\/v2\/pages\/957","targetHints":{"allow":["GET"]}}],"collection":[{"href":"https:\/\/flaviopixel.com\/index.php?rest_route=\/wp\/v2\/pages"}],"about":[{"href":"https:\/\/flaviopixel.com\/index.php?rest_route=\/wp\/v2\/types\/page"}],"author":[{"embeddable":true,"href":"https:\/\/flaviopixel.com\/index.php?rest_route=\/wp\/v2\/users\/1"}],"replies":[{"embeddable":true,"href":"https:\/\/flaviopixel.com\/index.php?rest_route=%2Fwp%2Fv2%2Fcomments&post=957"}],"version-history":[{"count":38,"href":"https:\/\/flaviopixel.com\/index.php?rest_route=\/wp\/v2\/pages\/957\/revisions"}],"predecessor-version":[{"id":1761,"href":"https:\/\/flaviopixel.com\/index.php?rest_route=\/wp\/v2\/pages\/957\/revisions\/1761"}],"wp:attachment":[{"href":"https:\/\/flaviopixel.com\/index.php?rest_route=%2Fwp%2Fv2%2Fmedia&parent=957"}],"curies":[{"name":"wp","href":"https:\/\/api.w.org\/{rel}","templated":true}]}}